{"id":55,"date":"2015-12-18T10:09:16","date_gmt":"2015-12-18T09:09:16","guid":{"rendered":"http:\/\/www.evajarosova.cz\/?page_id=55"},"modified":"2018-03-04T18:52:03","modified_gmt":"2018-03-04T17:52:03","slug":"rerererer","status":"publish","type":"page","link":"https:\/\/www.evajarosova.cz\/","title":{"rendered":"\u00daVOD"},"content":{"rendered":"<p style=\"text-align: left;\">S ka\u017edou oblast\u00ed lidsk\u00e9 \u010dinnosti je spojeno ur\u010dit\u00e9 riziko. Proto je nutn\u00e9 se t\u011bmto\u00a0rizik\u016fm a jejich dopad\u016fm br\u00e1nit a\u00a0eliminovat je. P\u0159edch\u00e1zejte rizik\u016fm bezpe\u010dn\u011b. R\u00e1da V\u00e1m porad\u00edm s v\u00fdb\u011brem nejvhodn\u011bj\u0161\u00edho \u0159e\u0161en\u00ed v oblasti poji\u0161t\u011bn\u00ed, podnikatelsk\u00fdch \u00fav\u011br\u016f, hypot\u00e9k, investic a dal\u0161\u00edch spo\u0159\u00edc\u00edch produkt\u016f.\u00a0Jsem p\u0159ipravena vyhov\u011bt Va\u0161im pot\u0159eb\u00e1m a po\u017eadavk\u016fm.<\/p>\n<p style=\"text-align: justify;\"><a href=\"http:\/\/www.evajarosova.cz\/wp-content\/uploads\/2015\/12\/General-Insurance-420.png\" rel=\"attachment wp-att-23\"><img loading=\"lazy\" decoding=\"async\" class=\"alignnone wp-image-197 size-medium\" src=\"http:\/\/www.evajarosova.cz\/wp-content\/uploads\/2015\/12\/General-Insurance-420-300x171.png\" alt=\"\" width=\"300\" height=\"171\" srcset=\"https:\/\/www.evajarosova.cz\/wp-content\/uploads\/2015\/12\/General-Insurance-420-300x171.png 300w, https:\/\/www.evajarosova.cz\/wp-content\/uploads\/2015\/12\/General-Insurance-420.png 420w\" sizes=\"(max-width: 300px) 100vw, 300px\" \/><\/a><\/p>\n","protected":false},"excerpt":{"rendered":"<p>S ka\u017edou oblast\u00ed lidsk\u00e9 \u010dinnosti je spojeno ur\u010dit\u00e9 riziko. Proto je nutn\u00e9 se t\u011bmto\u00a0rizik\u016fm a jejich dopad\u016fm br\u00e1nit a\u00a0eliminovat je. P\u0159edch\u00e1zejte rizik\u016fm bezpe\u010dn\u011b. R\u00e1da V\u00e1m [&#8230;]<\/p>\n","protected":false},"author":1,"featured_media":0,"parent":0,"menu_order":1,"comment_status":"closed","ping_status":"closed","template":"","meta":{"footnotes":""},"_links":{"self":[{"href":"https:\/\/www.evajarosova.cz\/index.php\/wp-json\/wp\/v2\/pages\/55"}],"collection":[{"href":"https:\/\/www.evajarosova.cz\/index.php\/wp-json\/wp\/v2\/pages"}],"about":[{"href":"https:\/\/www.evajarosova.cz\/index.php\/wp-json\/wp\/v2\/types\/page"}],"author":[{"embeddable":true,"href":"https:\/\/www.evajarosova.cz\/index.php\/wp-json\/wp\/v2\/users\/1"}],"replies":[{"embeddable":true,"href":"https:\/\/www.evajarosova.cz\/index.php\/wp-json\/wp\/v2\/comments?post=55"}],"version-history":[{"count":51,"href":"https:\/\/www.evajarosova.cz\/index.php\/wp-json\/wp\/v2\/pages\/55\/revisions"}],"predecessor-version":[{"id":2733,"href":"https:\/\/www.evajarosova.cz\/index.php\/wp-json\/wp\/v2\/pages\/55\/revisions\/2733"}],"wp:attachment":[{"href":"https:\/\/www.evajarosova.cz\/index.php\/wp-json\/wp\/v2\/media?parent=55"}],"curies":[{"name":"wp","href":"https:\/\/api.w.org\/{rel}","templated":true}]}}