{"id":46,"date":"2015-12-18T09:58:05","date_gmt":"2015-12-18T08:58:05","guid":{"rendered":"http:\/\/www.evajarosova.cz\/?page_id=46"},"modified":"2022-11-29T18:25:26","modified_gmt":"2022-11-29T17:25:26","slug":"o-me","status":"publish","type":"page","link":"https:\/\/www.evajarosova.cz\/index.php\/o-me\/","title":{"rendered":"O M\u011a"},"content":{"rendered":"<p><a href=\"http:\/\/www.evajarosova.cz\/wp-content\/uploads\/2015\/12\/31f8994.jpg\" rel=\"attachment wp-att-28\"><img loading=\"lazy\" decoding=\"async\" class=\"alignnone wp-image-258 \" src=\"http:\/\/www.evajarosova.cz\/wp-content\/uploads\/2015\/12\/31f8994.jpg\" alt=\"\" width=\"169\" height=\"169\" srcset=\"https:\/\/www.evajarosova.cz\/wp-content\/uploads\/2015\/12\/31f8994.jpg 299w, https:\/\/www.evajarosova.cz\/wp-content\/uploads\/2015\/12\/31f8994-150x150.jpg 150w\" sizes=\"(max-width: 169px) 100vw, 169px\" \/>\u00a0 \u00a0 <\/a><a href=\"http:\/\/www.evajarosova.cz\/wp-content\/uploads\/2020\/07\/certifikat-eva-jarosova-pojisteni-zajisteni.png\"><img loading=\"lazy\" decoding=\"async\" class=\"alignnone  wp-image-3193\" src=\"http:\/\/www.evajarosova.cz\/wp-content\/uploads\/2020\/07\/certifikat-eva-jarosova-pojisteni-zajisteni-300x213.png\" alt=\"\" width=\"237\" height=\"168\" srcset=\"https:\/\/www.evajarosova.cz\/wp-content\/uploads\/2020\/07\/certifikat-eva-jarosova-pojisteni-zajisteni-300x213.png 300w, https:\/\/www.evajarosova.cz\/wp-content\/uploads\/2020\/07\/certifikat-eva-jarosova-pojisteni-zajisteni-768x544.png 768w, https:\/\/www.evajarosova.cz\/wp-content\/uploads\/2020\/07\/certifikat-eva-jarosova-pojisteni-zajisteni-100x70.png 100w, https:\/\/www.evajarosova.cz\/wp-content\/uploads\/2020\/07\/certifikat-eva-jarosova-pojisteni-zajisteni.png 807w\" sizes=\"(max-width: 237px) 100vw, 237px\" \/><\/a> \u00a0<a href=\"http:\/\/www.evajarosova.cz\/wp-content\/uploads\/2015\/12\/Document-page-001.jpg\" target=\"_blank\" rel=\"noopener noreferrer\"><img loading=\"lazy\" decoding=\"async\" class=\"alignnone wp-image-2154\" src=\"http:\/\/www.evajarosova.cz\/wp-content\/uploads\/2015\/12\/Document-page-001-300x211.jpg\" alt=\"\" width=\"238\" height=\"168\" srcset=\"https:\/\/www.evajarosova.cz\/wp-content\/uploads\/2015\/12\/Document-page-001-300x211.jpg 300w, https:\/\/www.evajarosova.cz\/wp-content\/uploads\/2015\/12\/Document-page-001-768x541.jpg 768w, https:\/\/www.evajarosova.cz\/wp-content\/uploads\/2015\/12\/Document-page-001-1024x721.jpg 1024w, https:\/\/www.evajarosova.cz\/wp-content\/uploads\/2015\/12\/Document-page-001-100x70.jpg 100w\" sizes=\"(max-width: 238px) 100vw, 238px\" \/><\/a><\/p>\n<p><a href=\"http:\/\/www.evajarosova.cz\/wp-content\/uploads\/2015\/12\/Document-page-001.jpg\">\u00a0 \u00a0 \u00a0<\/a><a href=\"http:\/\/www.evajarosova.cz\/wp-content\/uploads\/2015\/12\/Document-page-001.jpg\"> \u00a0 <\/a><a href=\"http:\/\/www.evajarosova.cz\/wp-content\/uploads\/2022\/11\/Osvedceni-penze.jpg\"><img loading=\"lazy\" decoding=\"async\" class=\"alignnone size-medium wp-image-9379\" src=\"http:\/\/www.evajarosova.cz\/wp-content\/uploads\/2022\/11\/Osvedceni-penze-300x212.jpg\" alt=\"\" width=\"300\" height=\"212\" srcset=\"https:\/\/www.evajarosova.cz\/wp-content\/uploads\/2022\/11\/Osvedceni-penze-300x212.jpg 300w, https:\/\/www.evajarosova.cz\/wp-content\/uploads\/2022\/11\/Osvedceni-penze-1024x725.jpg 1024w, https:\/\/www.evajarosova.cz\/wp-content\/uploads\/2022\/11\/Osvedceni-penze-768x544.jpg 768w, https:\/\/www.evajarosova.cz\/wp-content\/uploads\/2022\/11\/Osvedceni-penze-100x70.jpg 100w, https:\/\/www.evajarosova.cz\/wp-content\/uploads\/2022\/11\/Osvedceni-penze.jpg 1232w\" sizes=\"(max-width: 300px) 100vw, 300px\" \/><\/a><a href=\"http:\/\/www.evajarosova.cz\/wp-content\/uploads\/2015\/12\/Document-page-001.jpg\"> \u00a0 \u00a0 \u00a0 \u00a0 \u00a0\u00a0<\/a>\u00a0 \u00a0<a href=\"http:\/\/www.evajarosova.cz\/wp-content\/uploads\/2018\/01\/certificate-14403-page-001.jpg\"><img loading=\"lazy\" decoding=\"async\" class=\"alignnone size-medium wp-image-2577\" src=\"http:\/\/www.evajarosova.cz\/wp-content\/uploads\/2018\/01\/certificate-14403-page-001-300x211.jpg\" alt=\"\" width=\"300\" height=\"211\" srcset=\"https:\/\/www.evajarosova.cz\/wp-content\/uploads\/2018\/01\/certificate-14403-page-001-300x211.jpg 300w, https:\/\/www.evajarosova.cz\/wp-content\/uploads\/2018\/01\/certificate-14403-page-001-768x541.jpg 768w, https:\/\/www.evajarosova.cz\/wp-content\/uploads\/2018\/01\/certificate-14403-page-001-1024x722.jpg 1024w, https:\/\/www.evajarosova.cz\/wp-content\/uploads\/2018\/01\/certificate-14403-page-001-100x70.jpg 100w\" sizes=\"(max-width: 300px) 100vw, 300px\" \/> <\/a>\u00a0 \u00a0<a style=\"font-size: 0.95em;\" href=\"http:\/\/www.evajarosova.cz\/wp-content\/uploads\/2015\/12\/Document-page-001.jpg\">\u00a0<\/a><\/p>\n<p><span style=\"color: #ff0000;\"><strong>Jsem certifikovan\u00fd profesion\u00e1l v n\u00ed\u017ee uveden\u00fdch oblastech. <span style=\"color: #000000;\">\u00a0Na finan\u010dn\u00edm trhu p\u016fsob\u00edm od roku 2005.<\/span><\/strong><\/span><\/p>\n<p><strong><span style=\"color: #ff0000;\">POJI\u0160T\u011aN\u00cd<\/span><\/strong><\/p>\n<p>I<strong>nformace o poji\u0161\u0165ovac\u00edm zprost\u0159edkovateli dle z\u00e1kona \u010d. 170\/2018 Sb., o distribuci poji\u0161t\u011bn\u00ed a zaji\u0161t\u011bn\u00ed s platnost\u00ed od 1.12.2018<\/strong><\/p>\n<p><span style=\"color: #ff0000;\"><strong>SAMOSTATN\u00dd ZPROST\u0158EDKOVATEL<\/strong><\/span><\/p>\n<p><strong>Odborn\u00e1 zkou\u0161ka podle z\u00e1kona 170\/2018 Sb. O DISTRIBUCI POJI\u0160T\u011aN\u00cd A ZAJI\u0160T\u011aN\u00cd\u00a0<\/strong><br \/>\nSkupina odbornosti &#8211;\u00a0 <strong>Souhrnn\u00e1 zkou\u0161ka &#8211;\u00a0 V\u0160ECHNY KATEGORIE<\/strong><br \/>\nOdborn\u00e1 zp\u016fsobilost: \u00a7 57 odst. 1 p\u00edsm. a) z\u00e1kona &#8211; distribuce \u017eivotn\u00edho poji\u0161t\u011bn\u00ed<br \/>\nOdborn\u00e1 zp\u016fsobilost: \u00a7 57 odst. 1 p\u00edsm. e) z\u00e1kona &#8211; distribuce poji\u0161t\u011bn\u00ed velk\u00fdch rizik&#8230;tato zp\u016fsobilost zahrnuje ( distribuce poji\u0161t\u011bn\u00ed vozidel, majetku, podnikatelsk\u00e9 poji\u0161t\u011bn\u00ed, poji\u0161t\u011bn\u00ed velk\u00fdch rizik).<\/p>\n<p><strong><span style=\"color: #000000;\"><span style=\"color: #ff0000;\">\u00daV\u011aRY<\/span><br \/>\n<\/span><span style=\"color: #000000;\">Odborn\u00e1 zkou\u0161ka dle z\u00e1kona \u010d. 257\/2016 Sb. o spot\u0159ebitelsk\u00e9m \u00fav\u011bru<\/span><\/strong><br \/>\n<span style=\"color: #000000;\"><strong> Skupina odbornost I. a III.<br \/>\n<\/strong><\/span><span style=\"color: #000000;\">Spot\u0159ebitelsk\u00e9 \u00fav\u011bry\u00a0jin\u00fd<\/span> ne\u017e na bydlen\u00ed<br \/>\nSpot\u0159ebitelsk\u00e9 \u00fav\u011br na bydlen\u00ed\u00a0( Hypot\u00e9ky\u00a0)<\/p>\n<p><span style=\"color: #000000;\"><strong><span style=\"color: #ff0000;\">INVESTICE<\/span><br \/>\nV souvislosti s novelou z\u00e1kona 256\/2004 Sb. o podnik\u00e1n\u00ed na kapit\u00e1lov\u00e9m trhu Odborn\u00e1 zkou\u0161ka Investi\u010dn\u00ed poradce se specializac\u00ed pro\u00a0kolektivn\u00ed investov\u00e1n\u00ed\u00a0 IP-KI.<\/strong><\/span><\/p>\n<p><span style=\"color: #ff0000;\"><strong>DOPL\u0147KOV\u00c9 PENZIJN\u00cd SPO\u0158EN\u00cd<\/strong><\/span><\/p>\n<p><strong><span style=\"color: #000000;\">Odborn\u00e1 zkou\u0161ka dle z\u00e1k. \u010d. 427\/2011 Sb. o dopl\u0148kov\u00e9m penzijn\u00edm spo\u0159en\u00ed a vyhl\u00e1\u0161ky \u010d. 215\/2012 Sb.\u00a0o odborn\u00e9 zp\u016fsobilosti pro distribuci n\u011bkter\u00fdch produkt\u016f na finan\u010dn\u00edm trhu.<\/span><\/strong><br \/>\n<strong><span style=\"color: #ff0000;\">\u00a0<\/span><\/strong><br \/>\n<strong>Kvalitn\u00ed\u00a0poradenstv\u00ed<\/strong> je zalo\u017eeno na kombinaci vysok\u00e9 kvalifikovanosti a schopnosti pru\u017en\u011b zpracov\u00e1vat informace na poji\u0161\u0165ovac\u00edm a finan\u010dn\u00edm trhu. Zaji\u0161\u0165uji\u00a0pravidelnou optimalizaci pojistn\u00fdch a finan\u010dn\u00edch z\u00e1jm\u016f klient\u016f.<\/p>\n<p>Nab\u00edz\u00edm celou \u0159adu \u017eivotn\u00edch i ne\u017eivotn\u00edch poji\u0161t\u011bn\u00ed pro pr\u00e1vnick\u00e9 a fyzick\u00e9\u00a0osoby, hypot\u00e9ky, \u00fav\u011bry a investice. V\u017edy preferuji individu\u00e1ln\u00ed, profesion\u00e1ln\u00ed a lidsk\u00fd p\u0159\u00edstup ke klientovi a k \u0159e\u0161en\u00ed jeho po\u017eadavk\u016f a pot\u0159eb.<\/p>\n<p>V\u00edce k produkt\u016fm\u00a0<a href=\"http:\/\/www.evajarosova.cz\/index.php\/produkty\/\">zde<\/a><\/p>\n","protected":false},"excerpt":{"rendered":"<p>\u00a0 \u00a0 \u00a0 \u00a0 \u00a0 \u00a0 \u00a0 \u00a0 \u00a0 \u00a0 \u00a0 \u00a0\u00a0\u00a0 \u00a0 \u00a0 \u00a0\u00a0 Jsem certifikovan\u00fd profesion\u00e1l v n\u00ed\u017ee uveden\u00fdch oblastech. \u00a0Na finan\u010dn\u00edm trhu [&#8230;]<\/p>\n","protected":false},"author":1,"featured_media":0,"parent":0,"menu_order":2,"comment_status":"closed","ping_status":"closed","template":"","meta":{"footnotes":""},"_links":{"self":[{"href":"https:\/\/www.evajarosova.cz\/index.php\/wp-json\/wp\/v2\/pages\/46"}],"collection":[{"href":"https:\/\/www.evajarosova.cz\/index.php\/wp-json\/wp\/v2\/pages"}],"about":[{"href":"https:\/\/www.evajarosova.cz\/index.php\/wp-json\/wp\/v2\/types\/page"}],"author":[{"embeddable":true,"href":"https:\/\/www.evajarosova.cz\/index.php\/wp-json\/wp\/v2\/users\/1"}],"replies":[{"embeddable":true,"href":"https:\/\/www.evajarosova.cz\/index.php\/wp-json\/wp\/v2\/comments?post=46"}],"version-history":[{"count":98,"href":"https:\/\/www.evajarosova.cz\/index.php\/wp-json\/wp\/v2\/pages\/46\/revisions"}],"predecessor-version":[{"id":9380,"href":"https:\/\/www.evajarosova.cz\/index.php\/wp-json\/wp\/v2\/pages\/46\/revisions\/9380"}],"wp:attachment":[{"href":"https:\/\/www.evajarosova.cz\/index.php\/wp-json\/wp\/v2\/media?parent=46"}],"curies":[{"name":"wp","href":"https:\/\/api.w.org\/{rel}","templated":true}]}}