{"id":44,"date":"2015-12-18T09:56:59","date_gmt":"2015-12-18T08:56:59","guid":{"rendered":"http:\/\/www.evajarosova.cz\/?page_id=44"},"modified":"2019-01-08T20:41:45","modified_gmt":"2019-01-08T19:41:45","slug":"sluzby","status":"publish","type":"page","link":"https:\/\/www.evajarosova.cz\/index.php\/sluzby\/","title":{"rendered":"SLU\u017dBY"},"content":{"rendered":"<h4><span style=\"color: #ff0000;\"><strong><u>Poji\u0161t\u011bn\u00ed<\/u><\/strong><\/span><\/h4>\n<p>Klient\u016fm poskytuji kvalitn\u00ed spr\u00e1vu pojistn\u00fdch smluv a vy\u0159izov\u00e1n\u00ed n\u00e1sledn\u00fdch pojistn\u00fdch ud\u00e1lost\u00ed.<\/p>\n<p><strong><u>Audit poji\u0161t\u011bn\u00ed, anal\u00fdza rizik<\/u><\/strong><\/p>\n<p>Na po\u010d\u00e1tku spolupr\u00e1ce s ka\u017ed\u00fdm klientem prob\u00edh\u00e1 d\u016fkladn\u00e1 anal\u00fdza dosud sjednan\u00fdch poji\u0161t\u011bn\u00ed. S ohledem na poji\u0161\u0165ovan\u00e9 riziko je nutn\u00e9 zn\u00e1t p\u0159esn\u011b podnikatelskou \u010dinnost klienta,\u00a0p\u016fsobnost\u00a0a\u00a0analyzovat ve\u0161ker\u00e1 mo\u017en\u00e1 vznikl\u00e1 rizika.<\/p>\n<p><strong><u>V\u00fdb\u011br pojistitele<\/u><\/strong><\/p>\n<p>Na \u010desk\u00e9m poji\u0161\u0165ovac\u00edm trhu p\u016fsob\u00ed p\u0159es 50 poji\u0161\u0165oven. Ka\u017ed\u00e1 z nich m\u00e1 sv\u00e9 p\u0159ednosti, ale p\u0159i neznalosti a v\u00fdb\u011bru nevhodn\u00e9ho produktu m\u016f\u017ee doj\u00edt k \u0159ad\u011b nep\u0159\u00edjemn\u00fdch p\u0159ekvapen\u00ed. Spolupracuji\u00a0v\u00fdhradn\u011b s prov\u011b\u0159en\u00fdmi a d\u016fv\u011bryhodn\u00fdmi pojistiteli\u00a0a v\u00fdb\u011br nejvhodn\u011bj\u0161\u00edho pojistitele v\u010detn\u011b od\u016fvodn\u011bn\u00ed\u00a0a doporu\u010den\u00ed p\u0159edkl\u00e1d\u00e1m klientovi.<\/p>\n<p><strong><u>Spr\u00e1va poji\u0161t\u011bn\u00ed<\/u><\/strong><\/p>\n<p>Po celou dobu trv\u00e1n\u00ed obchodn\u00edho vztahu mezi mnou a klientem\u00a0pe\u010dliv\u011b spravuji v\u0161echny pojistn\u00e9 smlouvy. Znamen\u00e1 to pr\u016fb\u011b\u017enou kontrolu nad v\u00fd\u0161\u00ed pojistn\u00fdch \u010d\u00e1stek, nad pojistn\u00fdm a z\u00e1rove\u0148 s klientem pr\u016fb\u011b\u017en\u011b konzultujeme nov\u00e1 rizika, kter\u00e1 mohou v jeho podnikatelsk\u00e9 a soukrom\u00e9 \u010dinnosti\u00a0nastat.<\/p>\n<p><strong><u>Likvidace pojistn\u00fdch ud\u00e1lost\u00ed<\/u><\/strong><\/p>\n<p>V p\u0159\u00edpad\u011b pojistn\u00e9 ud\u00e1losti jsem p\u0159ipravena za klienta p\u0159evz\u00edt a vy\u0159\u00eddit ve\u0161ker\u00e9 z\u00e1le\u017eitosti\u00a0a\u017e k samotn\u00e9 v\u00fdplat\u011b pojistn\u00e9ho pln\u011bn\u00ed. Klient p\u0159ed\u00e1 pouze nezbytn\u00e9 podklady a komunikace je d\u00e1le vedena mezi\u00a0mnou a danou poji\u0161\u0165ovnou. \u010casto se st\u00e1v\u00e1,\u00a0\u017ee uzn\u00e1n\u00ed n\u00e1roku klienta na pojistn\u00e9 pln\u011bn\u00ed p\u0159edch\u00e1z\u00ed slo\u017eit\u00e9 jedn\u00e1n\u00ed s poji\u0161\u0165ovnami. \u0160et\u0159\u00edm tak klient\u016fm stresuj\u00edc\u00ed starosti a pot\u0159ebn\u00fd \u010das.<\/p>\n<p>&nbsp;<\/p>\n<h4><span style=\"text-decoration: underline; color: #ff0000;\">Finance<\/span><\/h4>\n<p>&nbsp;<\/p>\n<p><u>Priority<\/u><br \/>\nMoje priority jsou poskytnou klient\u016fm\u00a0profesion\u00e1ln\u00ed slu\u017ebu s lidsk\u00fdm p\u0159\u00edstupem.\u00a0R\u00e1da p\u0159iprav\u00edm a vysv\u011btl\u00edm nejvhodn\u011bj\u0161\u00ed \u0159e\u0161en\u00ed, aby plnohodnotn\u011b vyhovovalo Va\u0161im pot\u0159eb\u00e1m a po\u017eadavk\u016fm.<\/p>\n<p>&nbsp;<\/p>\n","protected":false},"excerpt":{"rendered":"<p>Poji\u0161t\u011bn\u00ed Klient\u016fm poskytuji kvalitn\u00ed spr\u00e1vu pojistn\u00fdch smluv a vy\u0159izov\u00e1n\u00ed n\u00e1sledn\u00fdch pojistn\u00fdch ud\u00e1lost\u00ed. Audit poji\u0161t\u011bn\u00ed, anal\u00fdza rizik Na po\u010d\u00e1tku spolupr\u00e1ce s ka\u017ed\u00fdm klientem prob\u00edh\u00e1 d\u016fkladn\u00e1 anal\u00fdza [&#8230;]<\/p>\n","protected":false},"author":1,"featured_media":0,"parent":0,"menu_order":3,"comment_status":"closed","ping_status":"closed","template":"","meta":{"footnotes":""},"_links":{"self":[{"href":"https:\/\/www.evajarosova.cz\/index.php\/wp-json\/wp\/v2\/pages\/44"}],"collection":[{"href":"https:\/\/www.evajarosova.cz\/index.php\/wp-json\/wp\/v2\/pages"}],"about":[{"href":"https:\/\/www.evajarosova.cz\/index.php\/wp-json\/wp\/v2\/types\/page"}],"author":[{"embeddable":true,"href":"https:\/\/www.evajarosova.cz\/index.php\/wp-json\/wp\/v2\/users\/1"}],"replies":[{"embeddable":true,"href":"https:\/\/www.evajarosova.cz\/index.php\/wp-json\/wp\/v2\/comments?post=44"}],"version-history":[{"count":22,"href":"https:\/\/www.evajarosova.cz\/index.php\/wp-json\/wp\/v2\/pages\/44\/revisions"}],"predecessor-version":[{"id":2735,"href":"https:\/\/www.evajarosova.cz\/index.php\/wp-json\/wp\/v2\/pages\/44\/revisions\/2735"}],"wp:attachment":[{"href":"https:\/\/www.evajarosova.cz\/index.php\/wp-json\/wp\/v2\/media?parent=44"}],"curies":[{"name":"wp","href":"https:\/\/api.w.org\/{rel}","templated":true}]}}