{"id":3153,"date":"2019-02-10T12:35:12","date_gmt":"2019-02-10T11:35:12","guid":{"rendered":"http:\/\/www.evajarosova.cz\/?page_id=3153"},"modified":"2019-02-10T12:35:51","modified_gmt":"2019-02-10T11:35:51","slug":"zakladni-principy-zpracovani-osobnich-udaju","status":"publish","type":"page","link":"https:\/\/www.evajarosova.cz\/index.php\/zakladni-principy-zpracovani-osobnich-udaju\/","title":{"rendered":"Z\u00e1kladn\u00ed principy zpracov\u00e1n\u00ed osobn\u00edch \u00fadaj\u016f"},"content":{"rendered":"<div class=\"dock-trigger\" data-faq=\"x9_zakladni_principy_zpracovani_osobnich\">\n<div><strong>Z\u00e1kladn\u00ed principy zpracov\u00e1n\u00ed osobn\u00edch \u00fadaj\u016f<\/strong><\/div>\n<\/div>\n<div class=\"dock-content\">\n<div class=\"left-stripe\">\n<p>P\u0159i zpracov\u00e1v\u00e1n\u00ed osobn\u00edch \u00fadaj\u016f se \u0159\u00edd\u00edm n\u00e1sleduj\u00edc\u00edmi principy:<\/p>\n<ul>\n<li>Ve\u0161ker\u00e9 osobn\u00ed \u00fadaje zpracov\u00e1v\u00e1m v\u017edy z\u00e1konn\u011b, korektn\u011b, spravedliv\u011b, transparentn\u011b a odpov\u011bdn\u011b;<\/li>\n<li>Zpracov\u00e1n\u00ed je \u00fa\u010delov\u011b omezen\u00e9, co\u017e znamen\u00e1, \u017ee zpracov\u00e1v\u00e1m osobn\u00ed \u00fadaje pouze pro ur\u010dit\u00e9, v\u00fdslovn\u011b vyj\u00e1d\u0159en\u00e9 a legitimn\u00ed \u00fa\u010dely, p\u0159i\u010dem\u017e osobn\u00ed \u00fadaje nejsou d\u00e1le zpracov\u00e1v\u00e1ny zp\u016fsobem, kter\u00fd je s t\u011bmito \u00fa\u010dely neslu\u010diteln\u00fd;<\/li>\n<li>V\u00a0r\u00e1mci minimalizace \u00fadaj\u016f zpracov\u00e1v\u00e1m p\u0159im\u011b\u0159en\u00e9, relevantn\u00ed a omezen\u00e9 osobn\u00ed \u00fadaje na nezbytn\u00fd rozsah ve vztahu k \u00fa\u010delu, pro kter\u00fd jsou zpracov\u00e1v\u00e1ny;<\/li>\n<li>Zpracov\u00e1v\u00e1m p\u0159esn\u00e9 a aktualizovan\u00e9 osobn\u00ed \u00fadaje. Pokud jsou osobn\u00ed \u00fadaje nep\u0159esn\u00e9, zajist\u00edm jejich opravu \u010di p\u0159\u00edpadn\u011b v\u00fdmaz, k\u00a0\u010demu\u017e m\u016f\u017ee po\u017eadovat nezbytnou sou\u010dinnost;<\/li>\n<li>Ukl\u00e1d\u00e1m osobn\u00ed \u00fadaje ve form\u011b umo\u017e\u0148uj\u00edc\u00ed identifikaci subjekt\u016f \u00fadaj\u016f po dobu ne del\u0161\u00ed, ne\u017e je nezbytn\u00e9 pro \u00fa\u010dely, pro kter\u00e9 jsou zpracov\u00e1v\u00e1ny;<\/li>\n<li>Zpracov\u00e1v\u00e1m osobn\u00ed \u00fadaje zp\u016fsobem, kter\u00fd zajist\u00ed n\u00e1le\u017eit\u00e9 zabezpe\u010den\u00ed a ochranu osobn\u00edch \u00fadaj\u016f.<\/li>\n<\/ul>\n<p>&nbsp;<\/p>\n<p><strong>1)\u00a0\u00a0\u00a0<\/strong>\u00a0<strong>Princip z\u00e1konnosti<\/strong><\/p>\n<p>Aby bylo zpracov\u00e1n\u00ed z\u00e1konn\u00e9, mus\u00edm zpracov\u00e1vat osobn\u00ed \u00fadaje na z\u00e1klad\u011b n\u011bkter\u00e9ho z\u00a0pr\u00e1vn\u00edch titul\u016f na\u0159\u00edzen\u00ed GDPR a pouze v\u00a0odpov\u00eddaj\u00edc\u00edm rozsahu pro stanoven\u00fd \u00fa\u010del zpracov\u00e1n\u00ed. Pro poji\u0161\u0165ovac\u00ed \u010dinnosti jsou relevantn\u00ed zejm\u00e9na pr\u00e1vn\u00ed z\u00e1klady zpracov\u00e1n\u00ed nezbytn\u00e9 pro pln\u011bn\u00ed smluvn\u00ed \u010di z\u00e1konn\u00e9 povinnosti, zpracov\u00e1n\u00ed nezbytn\u00e9 pro \u00fa\u010dely opr\u00e1vn\u011bn\u00e9ho z\u00e1jmu, anebo zpracov\u00e1n\u00ed na z\u00e1klad\u011b souhlasu subjektu \u00fadaj\u016f.<\/p>\n<p><strong>2)\u00a0\u00a0\u00a0<\/strong>\u00a0<strong>Princip korektnosti a transparentnosti<\/strong><\/p>\n<p>Transparentn\u011b informuje subjekt \u00fadaj\u016f, kter\u00e9 osobn\u00ed \u00fadaje o n\u011bm zpracov\u00e1v\u00e1, v\u00a0jak\u00e9m rozsahu a jak\u00fdm zp\u016fsobem, jak\u00e1 pr\u00e1va m\u00e1 v\u00a0souvislosti se zpracov\u00e1n\u00edm t\u011bchto osobn\u00edch \u00fadaj\u016f, a napom\u00e1h\u00e1 v\u00fdkonu t\u011bchto jeho pr\u00e1v. Subjekt \u00fadaj\u016f by m\u011bl b\u00fdt d\u00e1le informov\u00e1n o prov\u00e1d\u011bn\u00ed automatizovan\u00e9ho rozhodov\u00e1n\u00ed a o jeho d\u016fsledc\u00edch. Upozorn\u00edm subjekt \u00fadaj\u016f na rizika, pravidla a z\u00e1ruky zpracov\u00e1n\u00ed osobn\u00edch \u00fadaj\u016f a na pr\u00e1va subjektu \u00fadaj\u016f, kter\u00e1 je mo\u017eno v\u00a0t\u00e9to souvislosti uplatnit. V\u0161echny informace ur\u010den\u00e9 subjektu \u00fadaj\u016f poskytuji stru\u010dn\u011b, snadno p\u0159\u00edstupn\u00fdm zp\u016fsobem a srozumiteln\u011b.<\/p>\n<p><strong>3)\u00a0\u00a0\u00a0<\/strong>\u00a0<strong>Princip odpov\u011bdnosti<\/strong><\/p>\n<p>Odpov\u00edd\u00e1m za dodr\u017een\u00ed princip\u016f p\u0159i zpracov\u00e1n\u00ed osobn\u00edch \u00fadaj\u016f a jsem schopna soulad s nimi dolo\u017eit. Za \u00fa\u010delem dodr\u017een\u00ed principu odpov\u011bdnosti jsem zavedla vhodn\u00e1 opat\u0159en\u00ed. Mezi tato opat\u0159en\u00ed pat\u0159\u00ed mimo jin\u00e9:<\/p>\n<ul>\n<li>vytvo\u0159en\u00ed a uplat\u0148ov\u00e1n\u00ed koncepc\u00ed v\u00a0oblasti ochrany osobn\u00edch \u00fadaj\u016f,<\/li>\n<li>jmenov\u00e1n\u00ed pov\u011b\u0159ence pro ochranu osobn\u00edch \u00fadaj\u016f (na lok\u00e1ln\u00ed \u010di skupinov\u00e9 \u00farovni),<\/li>\n<li>vytvo\u0159en\u00ed a aktualizace p\u0159ehledu o rozsahu zpracov\u00e1van\u00fdch dat, prov\u00e1d\u011bn\u00ed posouzen\u00ed vlivu na ochranu osobn\u00edch \u00fadaj\u016f, je-li pr\u00e1vn\u00edmi p\u0159edpisy vy\u017eadov\u00e1no,<\/li>\n<li>a vytvo\u0159en\u00ed mechanismu zji\u0161\u0165ov\u00e1n\u00ed a ohla\u0161ov\u00e1n\u00ed p\u0159\u00edpad\u016f poru\u0161en\u00ed zabezpe\u010den\u00ed osobn\u00edch \u00fadaj\u016f.<\/li>\n<\/ul>\n<p>&nbsp;<\/p>\n<p>Tato opat\u0159en\u00ed pravideln\u011b aktualizuji a jsem schopna demonstrovat jejich existenci a aplikaci.<\/p>\n<p>Samostatn\u00fd zprost\u0159edkovatel jako spr\u00e1vce osobn\u00edch \u00fadaj\u016f je odpov\u011bdn\u00e1\u00a0 za \u00fajmu, kterou p\u016fsob\u00ed zpracov\u00e1n\u00edm, je\u017e je v\u00a0rozporu s GDPR. Zpracov\u00e1v\u00e1m- li\u00a0 osobn\u00ed \u00fadaje v\u00a0pozici zpracovatele, je za \u00fajmu zp\u016fsobenou zpracov\u00e1n\u00edm odpov\u011bdn\u00e1 pouze v p\u0159\u00edpad\u011b, \u017ee nespln\u00edm povinnosti stanoven\u00e9 pr\u00e1vn\u00edmi p\u0159edpisy pro zpracovatele, nebo pokud jsem jednala nad r\u00e1mec z\u00e1konn\u00fdch pokyn\u016f spr\u00e1vce \u010di v rozporu s\u00a0nimi. Samostatn\u00fd zprost\u0159edkovatel\u00a0 m\u016f\u017ee b\u00fdt odpov\u011bdnosti za \u00fajmu zpro\u0161t\u011bn, pokud prok\u00e1\u017ee, \u017ee nenese \u017e\u00e1dn\u00fdm zp\u016fsobem odpov\u011bdnost za ud\u00e1lost, kter\u00e1 ke vzniku \u00fajmy vedla.<\/p>\n<p><strong>4)\u00a0\u00a0\u00a0<\/strong>\u00a0<strong>P\u0159esnost a aktu\u00e1lnost zpracov\u00e1n\u00ed osobn\u00edch \u00fadaj\u016f<\/strong><\/p>\n<p>Pro \u0159\u00e1dn\u00fd v\u00fdkon poji\u0161\u0165ovac\u00ed \u010dinnosti je maxim\u00e1ln\u011b podstatn\u00e9, aby samostatn\u00fd zprost\u0159edkovatel\u00a0 disponoval p\u0159esn\u00fdmi a aktu\u00e1ln\u00ed osobn\u00edmi \u00fadaji subjekt\u016f \u00fadaj\u016f. Objev\u00ed-li se p\u0159i nebo po uzav\u0159en\u00ed smlouvy konkr\u00e9tn\u00ed indikace, \u017ee byly poskytnuty nep\u0159esn\u00e9 \u010di nekompletn\u00ed osobn\u00ed \u00fadaje, nebo do\u0161lo k\u00a0jejich zm\u011bn\u011b, samostatn\u00fd zprost\u0159edkovatel u\u010din\u00ed nezbytn\u00fd v\u00fdmaz nebo opravu za \u00fa\u010delem odstran\u011bn\u00ed nedostatk\u016f. K\u00a0tomuto poji\u0161\u0165ovna m\u016f\u017ee vy\u017eadovat maxim\u00e1ln\u00ed sou\u010dinnost subjektu \u00fadaj\u016f.<\/p>\n<\/div>\n<\/div>\n","protected":false},"excerpt":{"rendered":"<p>Z\u00e1kladn\u00ed principy zpracov\u00e1n\u00ed osobn\u00edch \u00fadaj\u016f P\u0159i zpracov\u00e1v\u00e1n\u00ed osobn\u00edch \u00fadaj\u016f se \u0159\u00edd\u00edm n\u00e1sleduj\u00edc\u00edmi principy: Ve\u0161ker\u00e9 osobn\u00ed \u00fadaje zpracov\u00e1v\u00e1m v\u017edy z\u00e1konn\u011b, korektn\u011b, spravedliv\u011b, transparentn\u011b a odpov\u011bdn\u011b; Zpracov\u00e1n\u00ed [&#8230;]<\/p>\n","protected":false},"author":1,"featured_media":0,"parent":0,"menu_order":0,"comment_status":"closed","ping_status":"closed","template":"","meta":{"footnotes":""},"_links":{"self":[{"href":"https:\/\/www.evajarosova.cz\/index.php\/wp-json\/wp\/v2\/pages\/3153"}],"collection":[{"href":"https:\/\/www.evajarosova.cz\/index.php\/wp-json\/wp\/v2\/pages"}],"about":[{"href":"https:\/\/www.evajarosova.cz\/index.php\/wp-json\/wp\/v2\/types\/page"}],"author":[{"embeddable":true,"href":"https:\/\/www.evajarosova.cz\/index.php\/wp-json\/wp\/v2\/users\/1"}],"replies":[{"embeddable":true,"href":"https:\/\/www.evajarosova.cz\/index.php\/wp-json\/wp\/v2\/comments?post=3153"}],"version-history":[{"count":1,"href":"https:\/\/www.evajarosova.cz\/index.php\/wp-json\/wp\/v2\/pages\/3153\/revisions"}],"predecessor-version":[{"id":3155,"href":"https:\/\/www.evajarosova.cz\/index.php\/wp-json\/wp\/v2\/pages\/3153\/revisions\/3155"}],"wp:attachment":[{"href":"https:\/\/www.evajarosova.cz\/index.php\/wp-json\/wp\/v2\/media?parent=3153"}],"curies":[{"name":"wp","href":"https:\/\/api.w.org\/{rel}","templated":true}]}}