{"id":3125,"date":"2019-01-08T22:20:31","date_gmt":"2019-01-08T21:20:31","guid":{"rendered":"http:\/\/www.evajarosova.cz\/?page_id=3125"},"modified":"2022-11-29T07:35:48","modified_gmt":"2022-11-29T06:35:48","slug":"povinne-informace-podle-zakona-c-170-2018-sb","status":"publish","type":"page","link":"https:\/\/www.evajarosova.cz\/index.php\/povinne-informace-podle-zakona-c-170-2018-sb\/","title":{"rendered":"Povinn\u00e9 informace podle z\u00e1kona \u010d. 170\/2018 Sb."},"content":{"rendered":"<h6>Pln\u011bn\u00ed povinnost\u00ed podle platn\u00fdch pr\u00e1vn\u00edch p\u0159edpis\u016f<\/h6>\n<p>1. \u00a7 88, bod 1, p\u00edsm. a)<\/p>\n<p>1.1. Jm\u00e9no:\u00a0Eva Jaro\u0161ov\u00e1<br \/>\n1.2. S\u00eddlo: Chv\u00e1lenick\u00e1 196\/31, 326 00, Plze\u0148<br \/>\n1.3. Eva Jaro\u0161ov\u00e1 provozuje \u010dinnost zprost\u0159edkov\u00e1n\u00ed poji\u0161t\u011bn\u00ed jako samostatn\u00fd zprost\u0159edkovatel. Kontakt: 737 391 740, mail: finance@evajarosova.cz<\/p>\n<p>2. \u00a7 88, bod 1, p\u00edsm. b)<\/p>\n<p>2.1. Eva Jaro\u0161ov\u00e1\u00a0je evidov\u00e1na v registru poji\u0161\u0165ovac\u00edch zprost\u0159edkovatel\u016f a samostatn\u00fdch likvid\u00e1tor\u016f pojistn\u00fdch ud\u00e1lost\u00ed (081642 PA)<br \/>\n2.2. ov\u011b\u0159en\u00ed z\u00e1pisu v registru je mo\u017en\u00e9 na internetu, na webov\u00fdch str\u00e1nk\u00e1ch \u010cNB (www.cnb.cz)<\/p>\n<p>3. \u00a7 88, bod 1, p\u00edsm. c):<\/p>\n<p>3.1. Pro vy\u0159\u00edzen\u00ed st\u00ed\u017enosti je mo\u017en\u00e9 se obr\u00e1tit p\u0159\u00edmo na jednatele spole\u010dnosti ( viz. bod 1.3), tel. spojen\u00ed: 737 391 740, mail: finance@evajarosova.cz). D\u00e1le je mo\u017en\u00e9 se obr\u00e1tit na \u010ceskou n\u00e1rodn\u00ed banku ( www.cnb.cz), \u010ceskou obchodn\u00ed inspekci\u00a0 ( www.coi.cz),\u00a0 v p\u0159\u00edpad\u011b \u017eivotn\u00edho poji\u0161t\u011bn\u00ed t\u00e9\u017e na finan\u010dn\u00edho arbitra ( www.finarbitr.cz).<\/p>\n<p>4. \u00a7 88, bod 1, p\u00edsm. d):<\/p>\n<p>4.1. Jm\u00e9no zastoupen\u00e9ho:<\/p>\n<p>1. V p\u0159\u00edpad\u011b distribuce poji\u0161t\u011bn\u00ed v postaven\u00ed poji\u0161\u0165ovac\u00ed makl\u00e9\u0159 je zastoupen\u00fd z\u00e1kazn\u00edk<br \/>\n2. V p\u0159\u00edpad\u011b distribuce poji\u0161t\u011bn\u00ed v postaven\u00ed poji\u0161\u0165ovac\u00ed agent jsou zastoupen\u00fdm poji\u0161\u0165ovny, uveden\u00e9 v registru poji\u0161\u0165ovac\u00edch zprost\u0159edkovatel\u016f, veden\u00e9m \u010ceskou n\u00e1rodn\u00ed bankou ( www.cnb.cz). Konkr\u00e9tn\u00ed nab\u00eddky, resp. dal\u0161\u00ed informace od poji\u0161\u0165oven jsou pro jednotliv\u00e1 poji\u0161t\u011bn\u00ed v\u017edy \u0159\u00e1dn\u011b ozna\u010deny jm\u00e9nem zastoupen\u00e9ho.<\/p>\n<p>5. \u00a7 88, bod. 1, p\u00edsm. e):<\/p>\n<p>5.1. Jm\u00e9na poji\u0161\u0165oven, pro kter\u00e9 je samostatn\u00fd zprost\u0159edkovatel opr\u00e1vn\u011bn distribuovat poji\u0161t\u011bn\u00ed v postaven\u00ed poji\u0161\u0165ovac\u00ed agent jsou vedena v registru poji\u0161\u0165ovac\u00edch zprost\u0159edkovatel\u016f. Jsou to :<\/p>\n<p>. Allianz poji\u0161\u0165ovna, a.s.<br \/>\n. \u010cesk\u00e1 poji\u0161\u0165ovna, a.s.<br \/>\n. \u010cesk\u00e1 podnikatelsk\u00e1 poji\u0161\u0165ovna, a.s., Vienna Insurance Group<br \/>\n. \u010cSOB Poji\u0161\u0165ovna, a.s., \u010dlen holdingu \u010cSOB<br \/>\n. Direct poji\u0161\u0165ovna, a.s.<br \/>\n. Generali Poji\u0161\u0165ovna, a.s.<br \/>\n. Kooperativa poji\u0161\u0165ovna, a.s., Vienna Insurance Group<\/p>\n<p>6. \u00a7 88, bod 1, p\u00edsm. f)<\/p>\n<p>6.1. Samostatn\u00fd zprost\u0159edkovatel Eva Jaro\u0161ov\u00e1, nem\u00e1 p\u0159\u00edm\u00fd nebo nep\u0159\u00edm\u00fd pod\u00edl na hlasovac\u00edch pr\u00e1vech nebo z\u00e1kladn\u00edm kapit\u00e1lu \u017e\u00e1dn\u00e9 poji\u0161\u0165ovny.<\/p>\n<p>7. \u00a7 88, bod 1, p\u00edsm. g)<\/p>\n<p>7.1. \u017d\u00e1dn\u00e1 poji\u0161\u0165ovna nebo osoba ovl\u00e1daj\u00edc\u00ed danou poji\u0161\u0165ovnu nem\u00e1 p\u0159\u00edm\u00fd ani nep\u0159\u00edm\u00fd pod\u00edl na hlasovac\u00edch pr\u00e1vech nebo z\u00e1kladn\u00edm kapit\u00e1lu spole\u010dnosti Eva Jaro\u0161ov\u00e1.<\/p>\n<p>8. \u00a7 88, bod 1, p\u00edsm. h)<\/p>\n<p>8.1. Eva Jaro\u0161ov\u00e1 je odm\u011b\u0148ov\u00e1na provizn\u00edm zp\u016fsobem.<\/p>\n<p>9. \u00a7 88,\u00a0 bod 1, p\u00edsm. i)<\/p>\n<p>9.1. Eva Jaro\u0161ov\u00e1 je odm\u011b\u0148ov\u00e1na poji\u0161\u0165ovnou. V p\u0159\u00edpad\u011b, \u017ee by m\u011bla b\u00fdt odm\u011b\u0148ov\u00e1na z\u00e1kazn\u00edkem, m\u016f\u017ee tak nastat v\u00fdhradn\u011b na z\u00e1klad\u011b p\u0159edem uzav\u0159en\u00e9 p\u00edsemn\u00e9 smlouvy Evy Jaro\u0161ov\u00e9 se z\u00e1kazn\u00edkem, kde bude tato skute\u010dnost v\u00fdslovn\u011b uvedena.<\/p>\n<p>10.\u00a0\u00a7 88,\u00a0 bod 1, p\u00edsm. j)<\/p>\n<p>10.1. V p\u0159\u00edpad\u011b, \u017ee by m\u011bla Eva Jaro\u0161ov\u00e1 b\u00fdt odm\u011b\u0148ov\u00e1na p\u0159\u00edmo z\u00e1kazn\u00edkem, m\u016f\u017ee tak nastat v\u00fdhradn\u011b na z\u00e1klad\u011b p\u0159edem uzav\u0159en\u00e9 , oboustrann\u00e9 p\u00edsemn\u00e9 smlouvy se z\u00e1kazn\u00edkem, kde bude tato skute\u010dnost v\u00fdslovn\u011b uvedena a to v\u010detn\u011b v\u00fd\u0161e odm\u011bny, kter\u00e1 m\u016f\u017ee b\u00fdt stanovena :<\/p>\n<ol>\n<li>Pevnou \u010d\u00e1stkou nebo<\/li>\n<li>Hodinovou sazbou<\/li>\n<li>Provizn\u00ed sazbou, nap\u0159. poplatkem\u00a0 \u00fasp\u011b\u0161nosti<\/li>\n<\/ol>\n<p>V Plzni dne 28. listopadu 2022<\/p>\n","protected":false},"excerpt":{"rendered":"<p>Pln\u011bn\u00ed povinnost\u00ed podle platn\u00fdch pr\u00e1vn\u00edch p\u0159edpis\u016f 1. \u00a7 88, bod 1, p\u00edsm. a) 1.1. Jm\u00e9no:\u00a0Eva Jaro\u0161ov\u00e1 1.2. S\u00eddlo: Chv\u00e1lenick\u00e1 196\/31, 326 00, Plze\u0148 1.3. Eva [&#8230;]<\/p>\n","protected":false},"author":1,"featured_media":0,"parent":0,"menu_order":0,"comment_status":"closed","ping_status":"closed","template":"","meta":{"footnotes":""},"_links":{"self":[{"href":"https:\/\/www.evajarosova.cz\/index.php\/wp-json\/wp\/v2\/pages\/3125"}],"collection":[{"href":"https:\/\/www.evajarosova.cz\/index.php\/wp-json\/wp\/v2\/pages"}],"about":[{"href":"https:\/\/www.evajarosova.cz\/index.php\/wp-json\/wp\/v2\/types\/page"}],"author":[{"embeddable":true,"href":"https:\/\/www.evajarosova.cz\/index.php\/wp-json\/wp\/v2\/users\/1"}],"replies":[{"embeddable":true,"href":"https:\/\/www.evajarosova.cz\/index.php\/wp-json\/wp\/v2\/comments?post=3125"}],"version-history":[{"count":5,"href":"https:\/\/www.evajarosova.cz\/index.php\/wp-json\/wp\/v2\/pages\/3125\/revisions"}],"predecessor-version":[{"id":9365,"href":"https:\/\/www.evajarosova.cz\/index.php\/wp-json\/wp\/v2\/pages\/3125\/revisions\/9365"}],"wp:attachment":[{"href":"https:\/\/www.evajarosova.cz\/index.php\/wp-json\/wp\/v2\/media?parent=3125"}],"curies":[{"name":"wp","href":"https:\/\/api.w.org\/{rel}","templated":true}]}}