{"id":283,"date":"2016-01-10T11:59:08","date_gmt":"2016-01-10T10:59:08","guid":{"rendered":"http:\/\/www.evajarosova.cz\/?page_id=283"},"modified":"2025-05-18T19:34:18","modified_gmt":"2025-05-18T18:34:18","slug":"partneri-2","status":"publish","type":"page","link":"https:\/\/www.evajarosova.cz\/index.php\/partneri-2\/","title":{"rendered":"POJI\u0160T\u011aN\u00cd"},"content":{"rendered":"<h5 style=\"text-align: justify;\"><span style=\"color: #ff0000;\"><strong>Poji\u0161t\u011bn\u00ed majetku pro fyzick\u00e9 i pr\u00e1vnick\u00e9 osoby<\/strong><\/span><\/h5>\n<h5 style=\"text-align: justify;\"><span style=\"color: #ff0000;\"><strong>\u00a0\u00a0\u00a0\u00a0\u00a0\u00a0\u00a0\u00a0\u00a0\u00a0\u00a0\u00a0\u00a0\u00a0\u00a0\u00a0\u00a0\u00a0\u00a0\u00a0\u00a0\u00a0\u00a0\u00a0\u00a0\u00a0\u00a0\u00a0\u00a0\u00a0\u00a0\u00a0\u00a0\u00a0\u00a0\u00a0\u00a0\u00a0\u00a0\u00a0\u00a0\u00a0\u00a0\u00a0\u00a0\u00a0<\/strong><\/span><\/h5>\n<ul>\n<li><strong>Povinn\u00e9 ru\u010den\u00ed<\/strong><\/li>\n<li><strong>Havarijn\u00ed poji\u0161t\u011bn\u00ed\u00a0\u00a0\u00a0\u00a0\u00a0\u00a0\u00a0\u00a0\u00a0\u00a0\u00a0\u00a0\u00a0\u00a0\u00a0\u00a0\u00a0\u00a0\u00a0\u00a0\u00a0\u00a0\u00a0\u00a0\u00a0\u00a0\u00a0\u00a0\u00a0\u00a0\u00a0\u00a0\u00a0\u00a0\u00a0<\/strong><\/li>\n<li><strong>Majetkov\u00e9\u00a0ob\u010dansk\u00e9 poji\u0161t\u011bn\u00ed<\/strong><\/li>\n<li><strong>Poji\u0161t\u011bn\u00ed odpov\u011bdnosti v b\u011b\u017en\u00e9m ob\u010dansk\u00e9 \u017eivot\u011b<\/strong><\/li>\n<li><strong><strong>Odpov\u011bdnost zam\u011bstnance<\/strong><\/strong><\/li>\n<li><strong>Firemn\u00ed poji\u0161t\u011bn\u00ed odpov\u011bdnosti a majetku<\/strong><\/li>\n<li><strong>Profesn\u00ed odpov\u011bdnost<\/strong> ( not\u00e1\u0159i, l\u00e9ka\u0159i, soudci, da\u0148 poradci, pr\u00e1vn\u00edci, atd.)<\/li>\n<li><strong>Velk\u00e1 rizika<\/strong><\/li>\n<\/ul>\n<p><span style=\"color: #ff0000;\"><strong>\u017divotn\u00ed poji\u0161t\u011bn\u00ed<\/strong><\/span><\/p>\n<ul>\n<li><strong>Investi\u010dn\u00ed \u017eivotn\u00ed poji\u0161t\u011bn\u00ed<\/strong><\/li>\n<li><strong>Rizikov\u00e9 \u017eivotn\u00ed poji\u0161t\u011bn\u00ed<\/strong><\/li>\n<li><strong><strong>\u00darazov\u00e9 poji\u0161t\u011bn\u00ed<\/strong><\/strong><\/li>\n<\/ul>\n<p>Jm\u00e9na poji\u0161\u0165oven,\u00a0 pro kter\u00e9 je\u00a0<span style=\"font-size: 0.95em;\"><strong>samostatn\u00fd zprost\u0159edkovatel<\/strong> o<\/span><span style=\"font-size: 0.95em;\">pr\u00e1vn\u011bn distribuovat poji\u0161t\u011bn\u00ed v postaven\u00ed poji\u0161\u0165ovac\u00ed agent, jsou uvedena v registru poji\u0161\u0165ovac\u00edch zprost\u0159edkovatel\u016f. Jsou to:<\/span><\/p>\n<ul>\n<li><strong>Allianz poji\u0161\u0165ovna, a.s.<\/strong><strong><br \/>\n<\/strong><\/li>\n<li><strong>\u010cSOB Poji\u0161\u0165ovna, a.s. \u010dlen holdingu \u010cSOB<\/strong><\/li>\n<li><strong> Direct poji\u0161\u0165ovna, a.s.<\/strong><\/li>\n<li><strong> Generali \u010cesk\u00e1 Poji\u0161\u0165ovna, a.s<br \/>\n<\/strong><\/li>\n<li><strong> Kooperativa poji\u0161\u0165ovna, a.s., Vienna Insurance Group\u00a0 \u00a0 \u00a0 \u00a0 \u00a0 \u00a0 \u00a0 \u00a0 \u00a0 \u00a0 \u00a0 \u00a0 \u00a0 \u00a0 \u00a0 \u00a0 \u00a0 \u00a0 \u00a0 \u00a0 \u00a0 \u00a0 \u00a0 \u00a0 \u00a0 \u00a0 \u00a0 \u00a0 \u00a0 \u00a0 \u00a0 \u00a0 \u00a0 \u00a0 \u00a0 \u00a0 \u00a0 \u00a0 \u00a0 \u00a0 \u00a0 \u00a0 \u00a0 \u00a0 \u00a0 \u00a0 \u00a0 \u00a0 \u00a0 \u00a0 \u00a0 \u00a0 \u00a0 \u00a0 \u00a0 \u00a0 \u00a0 \u00a0<\/strong> ( od 1. ledna 2019 je Poji\u0161\u0165ovna \u010cesk\u00e9\u00a0 spo\u0159itelny, a.s.\u00a0 sou\u010d\u00e1st\u00ed\u00a0 Kooperativa poji\u0161\u0165ovny, a.s.<strong>\u00a0<\/strong><\/li>\n<\/ul>\n<h6><\/h6>\n<h6><\/h6>\n","protected":false},"excerpt":{"rendered":"<p>Poji\u0161t\u011bn\u00ed majetku pro fyzick\u00e9 i pr\u00e1vnick\u00e9 osoby \u00a0\u00a0\u00a0\u00a0\u00a0\u00a0\u00a0\u00a0\u00a0\u00a0\u00a0\u00a0\u00a0\u00a0\u00a0\u00a0\u00a0\u00a0\u00a0\u00a0\u00a0\u00a0\u00a0\u00a0\u00a0\u00a0\u00a0\u00a0\u00a0\u00a0\u00a0\u00a0\u00a0\u00a0\u00a0\u00a0\u00a0\u00a0\u00a0\u00a0\u00a0\u00a0\u00a0\u00a0\u00a0\u00a0 Povinn\u00e9 ru\u010den\u00ed Havarijn\u00ed poji\u0161t\u011bn\u00ed\u00a0\u00a0\u00a0\u00a0\u00a0\u00a0\u00a0\u00a0\u00a0\u00a0\u00a0\u00a0\u00a0\u00a0\u00a0\u00a0\u00a0\u00a0\u00a0\u00a0\u00a0\u00a0\u00a0\u00a0\u00a0\u00a0\u00a0\u00a0\u00a0\u00a0\u00a0\u00a0\u00a0\u00a0\u00a0 Majetkov\u00e9\u00a0ob\u010dansk\u00e9 poji\u0161t\u011bn\u00ed Poji\u0161t\u011bn\u00ed odpov\u011bdnosti v b\u011b\u017en\u00e9m ob\u010dansk\u00e9 \u017eivot\u011b Odpov\u011bdnost zam\u011bstnance Firemn\u00ed poji\u0161t\u011bn\u00ed odpov\u011bdnosti [&#8230;]<\/p>\n","protected":false},"author":1,"featured_media":0,"parent":0,"menu_order":6,"comment_status":"closed","ping_status":"closed","template":"","meta":{"footnotes":""},"_links":{"self":[{"href":"https:\/\/www.evajarosova.cz\/index.php\/wp-json\/wp\/v2\/pages\/283"}],"collection":[{"href":"https:\/\/www.evajarosova.cz\/index.php\/wp-json\/wp\/v2\/pages"}],"about":[{"href":"https:\/\/www.evajarosova.cz\/index.php\/wp-json\/wp\/v2\/types\/page"}],"author":[{"embeddable":true,"href":"https:\/\/www.evajarosova.cz\/index.php\/wp-json\/wp\/v2\/users\/1"}],"replies":[{"embeddable":true,"href":"https:\/\/www.evajarosova.cz\/index.php\/wp-json\/wp\/v2\/comments?post=283"}],"version-history":[{"count":81,"href":"https:\/\/www.evajarosova.cz\/index.php\/wp-json\/wp\/v2\/pages\/283\/revisions"}],"predecessor-version":[{"id":15053,"href":"https:\/\/www.evajarosova.cz\/index.php\/wp-json\/wp\/v2\/pages\/283\/revisions\/15053"}],"wp:attachment":[{"href":"https:\/\/www.evajarosova.cz\/index.php\/wp-json\/wp\/v2\/media?parent=283"}],"curies":[{"name":"wp","href":"https:\/\/api.w.org\/{rel}","templated":true}]}}