{"id":2682,"date":"2018-02-26T18:18:57","date_gmt":"2018-02-26T17:18:57","guid":{"rendered":"http:\/\/www.evajarosova.cz\/?page_id=2682"},"modified":"2025-05-18T20:50:33","modified_gmt":"2025-05-18T19:50:33","slug":"doplnkove-penzijni-sporeni","status":"publish","type":"page","link":"https:\/\/www.evajarosova.cz\/index.php\/doplnkove-penzijni-sporeni\/","title":{"rendered":"DOPL\u0147KOV\u00c9  PENZIJN\u00cd SPO\u0158EN\u00cd"},"content":{"rendered":"<p><strong><span style=\"color: #ff0000;\">Dopl\u0148kov\u00e9 penzijn\u00ed spo\u0159en\u00ed<\/span><\/strong><\/p>\n<p><span style=\"color: #ff0000;\"><strong>DOPL\u0147KOV\u00c9 PENZIJN\u00cd SPO\u0158EN\u00cd \u2013 \u00da\u010cASTNICK\u00c9 FONDY (III. pil\u00ed\u0159) DPS<\/strong><\/span> je postupn\u00e9 a dlouhodob\u00e9 ukl\u00e1d\u00e1n\u00ed p\u0159\u00edsp\u011bvk\u016f \u00fa\u010dastn\u00edka DPS (d\u00e1le jen \u201e\u00fa\u010dastn\u00edk\u201c), p\u0159\u00edsp\u011bvk\u016f placen\u00fdch za \u00fa\u010dastn\u00edka jeho zam\u011bstnavatelem a st\u00e1tn\u00edch p\u0159\u00edsp\u011bvk\u016f do \u00fa\u010dastnick\u00fdch fond\u016f obhospoda\u0159ovan\u00fdch penzijn\u00ed spole\u010dnost\u00ed a vypl\u00e1cen\u00ed d\u00e1vek.<\/p>\n<p>Zde si m\u016f\u017eete zvolit jednu ze t\u0159\u00ed strategi\u00ed dle Va\u0161eho investi\u010dn\u00edho naturelu<br \/>\n(\u00a0konzervativn\u00ed, vyv\u00e1\u017eenou, dynamickou).<\/p>\n<h6 style=\"text-align: left;\"><span style=\"color: #ff0000;\"><strong>S platnost\u00ed od 01.07.2024<br \/>\n<\/strong><\/span><br \/>\n<strong>Minim\u00e1ln\u00ed \u00falo\u017eka, aby jste z\u00edskali st\u00e1tn\u00ed podporu : 500,- K\u010d ( v\u00fd\u0161e st\u00e1tn\u00ed podpory 100,- K\u010d )<br \/>\n<\/strong><strong>Nejvy\u0161\u0161\u00ed mo\u017en\u00fd p\u0159\u00edsp\u011bvek od st\u00e1tu m\u011bs\u00ed\u010dn\u011b 340 K\u010d ( p\u0159i m\u011bs. \u00falo\u017ece 1 700 K\u010d). Maxim\u00e1ln\u00ed ro\u010dn\u00ed st\u00e1tn\u00ed p\u0159\u00edsp\u011bvek je 4 080,- K\u010d<\/strong><br \/>\n<b>Da\u0148ov\u00e9 zv\u00fdhodn\u011bn\u00ed: P\u0159\u00edsp\u011bvky na penzijn\u00ed spo\u0159en\u00ed lze ode\u010d\u00edst ze z\u00e1kladu dan\u011b a\u017e do<\/b><b> v\u00fd\u0161i 48 000 K\u010d (Maxim\u00e1ln\u00ed ro\u010dn\u00ed \u00faspora na dan\u00edch je\u00a0 7 200 K\u010d, co\u017e odpov\u00edd\u00e1 15 % sr\u00e1\u017ekov\u00e9 dan\u011b z 48 000,- K\u010d).<br \/>\nDal\u0161\u00ed informace: P\u0159\u00edsp\u011bvky zam\u011bstnavatele se do da\u0148ov\u00e9ho odpo\u010dtu nezahrnuj\u00ed.\u00a0<\/b><\/h6>\n<p><span style=\"color: #ff0000;\"><strong>PRO ZAM\u011aSTNAVATELE<br \/>\n&#8211; mohou si za spln\u011bn\u00fdch podm\u00ednek uveden\u00fdch v \u00a7 24 odst. 2 p\u00edsm. j) bod 4 ZDP sn\u00ed\u017eit z\u00e1klad dan\u011b o ve\u0161ker\u00e9 takto zaplacen\u00e9 p\u0159\u00edsp\u011bvky a to bez limitu ( podm\u00ednkou je p\u00edsemn\u00fd z\u00e1vazek)<\/strong><\/span><\/p>\n<p><strong><span style=\"color: #ff0000;\">Producenti:<\/span><\/strong><\/p>\n<ul>\n<li><strong>Allianz penzijn\u00ed spole\u010dnost, a.s.<\/strong><\/li>\n<li><strong>CONSEQ penzijn\u00ed spole\u010dnost, a.s.<\/strong><\/li>\n<li><strong>\u010cesk\u00e1 spo\u0159itelna &#8211; penzijn\u00ed spole\u010dnost, a.s.<\/strong><\/li>\n<li><strong>\u010cSOB penzijn\u00ed spole\u010dnost, a.s.<\/strong><\/li>\n<li><strong>Generali penzijn\u00ed spole\u010dnost, a.s.<\/strong><\/li>\n<li><strong>KB penzijn\u00ed spole\u010dnost, a.s.<\/strong><\/li>\n<li><strong>NN penzijn\u00ed spole\u010dnost, a.s.<\/strong><\/li>\n<li><strong>UNIQA penzijn\u00ed spole\u010dnost, a.s.<\/strong><\/li>\n<\/ul>\n<p>Je mo\u017en\u00e9 prov\u00e1d\u011bt zm\u011bny i na transformovan\u00e9m penzijn\u00edm p\u0159ipoji\u0161t\u011bn\u00ed.<\/p>\n<p>Investi\u010dn\u00ed produkty a dopl\u0148kov\u00e9 penzijn\u00ed spo\u0159en\u00ed zprost\u0159edkov\u00e1v\u00e1m jako <strong>v\u00e1zan\u00fd z\u00e1stupce I\u010cO: 75052768<\/strong> zapsan\u00fd v registru \u010cNB pod\u00a0 \u00a0 \u00a0 <strong>investi\u010dn\u00edm zprost\u0159edkovatelem Broker Trust, a.s. I\u010c: 26439719<br \/>\n<\/strong><br \/>\nBli\u017e\u0161\u00ed informace z\u00edsk\u00e1te: http:\/\/www.brokertrust.cz\/proklienty<\/p>\n","protected":false},"excerpt":{"rendered":"<p>Dopl\u0148kov\u00e9 penzijn\u00ed spo\u0159en\u00ed DOPL\u0147KOV\u00c9 PENZIJN\u00cd SPO\u0158EN\u00cd \u2013 \u00da\u010cASTNICK\u00c9 FONDY (III. pil\u00ed\u0159) DPS je postupn\u00e9 a dlouhodob\u00e9 ukl\u00e1d\u00e1n\u00ed p\u0159\u00edsp\u011bvk\u016f \u00fa\u010dastn\u00edka DPS (d\u00e1le jen \u201e\u00fa\u010dastn\u00edk\u201c), p\u0159\u00edsp\u011bvk\u016f placen\u00fdch [&#8230;]<\/p>\n","protected":false},"author":1,"featured_media":0,"parent":0,"menu_order":0,"comment_status":"closed","ping_status":"closed","template":"","meta":{"footnotes":""},"_links":{"self":[{"href":"https:\/\/www.evajarosova.cz\/index.php\/wp-json\/wp\/v2\/pages\/2682"}],"collection":[{"href":"https:\/\/www.evajarosova.cz\/index.php\/wp-json\/wp\/v2\/pages"}],"about":[{"href":"https:\/\/www.evajarosova.cz\/index.php\/wp-json\/wp\/v2\/types\/page"}],"author":[{"embeddable":true,"href":"https:\/\/www.evajarosova.cz\/index.php\/wp-json\/wp\/v2\/users\/1"}],"replies":[{"embeddable":true,"href":"https:\/\/www.evajarosova.cz\/index.php\/wp-json\/wp\/v2\/comments?post=2682"}],"version-history":[{"count":14,"href":"https:\/\/www.evajarosova.cz\/index.php\/wp-json\/wp\/v2\/pages\/2682\/revisions"}],"predecessor-version":[{"id":15069,"href":"https:\/\/www.evajarosova.cz\/index.php\/wp-json\/wp\/v2\/pages\/2682\/revisions\/15069"}],"wp:attachment":[{"href":"https:\/\/www.evajarosova.cz\/index.php\/wp-json\/wp\/v2\/media?parent=2682"}],"curies":[{"name":"wp","href":"https:\/\/api.w.org\/{rel}","templated":true}]}}