{"id":2672,"date":"2018-02-26T17:31:48","date_gmt":"2018-02-26T16:31:48","guid":{"rendered":"http:\/\/www.evajarosova.cz\/?page_id=2672"},"modified":"2025-05-18T19:52:51","modified_gmt":"2025-05-18T18:52:51","slug":"banky","status":"publish","type":"page","link":"https:\/\/www.evajarosova.cz\/index.php\/banky\/","title":{"rendered":"HYPOT\u00c9KY"},"content":{"rendered":"<p><!-- x-tinymce\/html --><\/p>\n<p><span style=\"color: #ff0000;\"><strong>Produkty:<\/strong><\/span><\/p>\n<ul>\n<li><span style=\"color: #000000;\"><strong>Hypote\u010dn\u00ed \u00fav\u011br\u00a0<\/strong><br \/>\n<\/span><\/li>\n<li><span style=\"color: #000000;\"><strong>Refinancov\u00e1n\u00ed st\u00e1vaj\u00edc\u00edch \u00fav\u011bru ke konci fixace<\/strong> <\/span><\/li>\n<li><strong><span style=\"color: #000000;\">Americk\u00e1 hypot\u00e9ka ( \u00fav\u011br na cokoliv zaji\u0161t\u011bn nemovitost\u00ed)<br \/>\n<\/span><\/strong><\/li>\n<li><strong>Spot\u0159ebitelsk\u00fd \u00fav\u011br<\/strong><\/li>\n<\/ul>\n<p><strong><span style=\"color: #ff0000;\">\u00a0<\/span><\/strong><strong><span style=\"color: #ff0000;\">Producenti<\/span><\/strong><\/p>\n<ul>\n<li><strong>\u010cesk\u00e1 spo\u0159itelna, a.s.\u00a0<\/strong><strong><br \/>\n<\/strong><\/li>\n<li><strong>\u010cSOB Hypote\u010dn\u00ed banka, a.s.<\/strong><\/li>\n<li><strong>Komer\u010dn\u00ed banka, a.s.<\/strong><\/li>\n<li><strong>mBank, S.A., organiza\u010dn\u00ed slo\u017eka<\/strong><\/li>\n<li><strong>Oberbank, AG pobo\u010dka \u010cesk\u00e1 republika<\/strong><\/li>\n<li><strong>Raiffeisenbank, a.s.<\/strong><\/li>\n<li><strong>IniCredit Bank Czech Republik and Slovakia, a.s.<\/strong><\/li>\n<\/ul>\n<p>Spot\u0159ebitelsk\u00e9 \u00fav\u011bry zprost\u0159edkov\u00e1v\u00e1m jako <strong>v\u00e1zan\u00fd z\u00e1stupce I\u010cO: 75052768<\/strong> zapsan\u00fd v registru \u010cNB\u00a0 pod <strong>samostatn\u00fdm<\/strong> <strong>zprost\u0159edkovatelem<\/strong> spot\u0159ebitelsk\u00fdch \u00fav\u011br\u016f<strong> Broker Trustem, a.s<\/strong>. , I\u010cO: 26439719<\/p>\n<p>Bli\u017e\u0161\u00ed informace z\u00edsk\u00e1te na http:\/\/www.brokertrust.cz\/pro klienty<\/p>\n","protected":false},"excerpt":{"rendered":"<p>Produkty: Hypote\u010dn\u00ed \u00fav\u011br\u00a0 Refinancov\u00e1n\u00ed st\u00e1vaj\u00edc\u00edch \u00fav\u011bru ke konci fixace Americk\u00e1 hypot\u00e9ka ( \u00fav\u011br na cokoliv zaji\u0161t\u011bn nemovitost\u00ed) Spot\u0159ebitelsk\u00fd \u00fav\u011br \u00a0Producenti \u010cesk\u00e1 spo\u0159itelna, a.s.\u00a0 \u010cSOB Hypote\u010dn\u00ed [&#8230;]<\/p>\n","protected":false},"author":1,"featured_media":0,"parent":0,"menu_order":0,"comment_status":"closed","ping_status":"closed","template":"","meta":{"footnotes":""},"_links":{"self":[{"href":"https:\/\/www.evajarosova.cz\/index.php\/wp-json\/wp\/v2\/pages\/2672"}],"collection":[{"href":"https:\/\/www.evajarosova.cz\/index.php\/wp-json\/wp\/v2\/pages"}],"about":[{"href":"https:\/\/www.evajarosova.cz\/index.php\/wp-json\/wp\/v2\/types\/page"}],"author":[{"embeddable":true,"href":"https:\/\/www.evajarosova.cz\/index.php\/wp-json\/wp\/v2\/users\/1"}],"replies":[{"embeddable":true,"href":"https:\/\/www.evajarosova.cz\/index.php\/wp-json\/wp\/v2\/comments?post=2672"}],"version-history":[{"count":15,"href":"https:\/\/www.evajarosova.cz\/index.php\/wp-json\/wp\/v2\/pages\/2672\/revisions"}],"predecessor-version":[{"id":15060,"href":"https:\/\/www.evajarosova.cz\/index.php\/wp-json\/wp\/v2\/pages\/2672\/revisions\/15060"}],"wp:attachment":[{"href":"https:\/\/www.evajarosova.cz\/index.php\/wp-json\/wp\/v2\/media?parent=2672"}],"curies":[{"name":"wp","href":"https:\/\/api.w.org\/{rel}","templated":true}]}}