{"id":212,"date":"2016-01-09T20:23:16","date_gmt":"2016-01-09T19:23:16","guid":{"rendered":"http:\/\/www.evajarosova.cz\/?page_id=212"},"modified":"2022-11-29T07:40:55","modified_gmt":"2022-11-29T06:40:55","slug":"povinne-informace","status":"publish","type":"page","link":"https:\/\/www.evajarosova.cz\/index.php\/povinne-informace\/","title":{"rendered":"Povinn\u00e9 informace podle z\u00e1kona \u010d. 38\/2004 Sb."},"content":{"rendered":"<h6>Pln\u011bn\u00ed povinnost\u00ed podle platn\u00fdch pr\u00e1vn\u00edch p\u0159edpis\u016f<\/h6>\n<p>1. \u00a721, odst. 5, p\u00edsm. a):<\/p>\n<p>1.1. obchodn\u00ed firma:\u00a0Eva Jaro\u0161ov\u00e1<br \/>\n1.2. s\u00eddlo: Chv\u00e1lenick\u00e1 196\/31, 326 00, Plze\u0148<br \/>\n1.3. jm\u00e9nem poji\u0161\u0165ovac\u00edho zprost\u0159edkovatele jedn\u00e1:<br \/>\n1.3.1. Eva Jaro\u0161ov\u00e1, telefon: 737 391 740, mail: <a title=\"Ing. Gustav Vacek - email\" href=\"mailto:finance@evajarosova.cz\">finance@evajarosova.cz<\/a><\/p>\n<p>2. \u00a721, odst. 5, p\u00edsm. b):<\/p>\n<p>2.1. Eva Jaro\u0161ov\u00e1 je evidov\u00e1na v registru poji\u0161\u0165ovac\u00edch zprost\u0159edkovatel\u016f a samostatn\u00fdch likvid\u00e1tor\u016f pojistn\u00fdch ud\u00e1lost\u00ed pod\u00a0 \u00a0 \u00a0 \u00a0 \u00a0 \u00a0 \u00a0 \u00a0 \u00a0 \u00a0 \u00a0 I\u010c: 75052768<br \/>\n2.2. ov\u011b\u0159en\u00ed z\u00e1pisu v registru je mo\u017en\u00e9 na internetu, na webov\u00fdch str\u00e1nk\u00e1ch \u010cNB\u00a0 \u00a0 \u00a0 \u00a0 \u00a0 \u00a0 \u00a0 ( www.cnb.cz)<\/p>\n<p>3. \u00a721, odst. 5, p\u00edsm. c):<\/p>\n<p>3.1. Poji\u0161\u0165ovac\u00ed zprost\u0159edkovatel nem\u00e1 p\u0159\u00edm\u00fd nebo nep\u0159\u00edm\u00fd pod\u00edl na hlasovac\u00edch pr\u00e1vech a kapit\u00e1lu \u017e\u00e1dn\u00e9 poji\u0161\u0165ovny<\/p>\n<p>4. \u00a721, odst. 5, p\u00edsm. d):<\/p>\n<p>4.1. \u017d\u00e1dn\u00e1 poji\u0161\u0165ovna ani osoba ovl\u00e1daj\u00edc\u00ed poji\u0161\u0165ovnu nem\u00e1 p\u0159\u00edm\u00fd nebo nep\u0159\u00edm\u00fd pod\u00edl na hlasovac\u00edch pr\u00e1vech a kapit\u00e1lu poji\u0161\u0165ovac\u00edho zprost\u0159edkovatele<\/p>\n<p>5. \u00a721, odst. 5, p\u00edsm. e):<\/p>\n<p>5.1. Postup pro pod\u00e1n\u00ed st\u00ed\u017enosti na poji\u0161\u0165ovac\u00edho zprost\u0159edkovatele: lze podat jednateli spole\u010dnosti (viz bod 1.3.1.).<br \/>\n5.2. Postup pro pod\u00e1n\u00ed \u017ealoby na poji\u0161\u0165ovac\u00edho zprost\u0159edkovatele: podle ob\u010dansk\u00e9ho soudn\u00edho \u0159\u00e1du<\/p>\n<p>6. \u00a721, odst. 6, p\u00edsm. a): poji\u0161\u0165ovac\u00ed zprost\u0159edkovatel poskytuje zprost\u0159edkov\u00e1n\u00ed poji\u0161t\u011bn\u00ed zp\u016fsobem, p\u0159i kter\u00e9m nen\u00ed povinen poskytovat \u0159\u00e1dnou anal\u00fdzu.<\/p>\n<p>7. \u00a721, odst. 6, p\u00edsm. b): poji\u0161\u0165ovac\u00ed zprost\u0159edkovatel nem\u00e1 smluvn\u00ed povinnost vykon\u00e1vat zprost\u0159edkov\u00e1n\u00ed poji\u0161t\u011bn\u00ed v\u00fdhradn\u011b pro jednu nebo v\u00edce poji\u0161\u0165oven.<\/p>\n<p>8. \u00a721, odst. 6, p\u00edsm. c): viz body 6. a 7.<\/p>\n<p>9. \u00a721, odst. 7: pokud poji\u0161\u0165ovac\u00ed zprost\u0159edkovatel vyd\u00e1v\u00e1 doporu\u010den\u00ed, \u010din\u00ed tak zpravidla na z\u00e1klad\u011b praktick\u00fdch zku\u0161enost\u00ed s likvidac\u00ed pojistn\u00fdch ud\u00e1lost\u00ed.<\/p>\n<p>10. \u00a721, odst. 8: Po\u017eadavky a pot\u0159eby klienta poji\u0161\u0165ovac\u00ed zprost\u0159edkovatel zaznamen\u00e1v\u00e1 prost\u0159ednictv\u00edm popt\u00e1vky na poji\u0161t\u011bn\u00ed, resp. \u017e\u00e1dosti o zm\u011bnu pojistn\u00e9 smlouvy a postupuje je do poji\u0161\u0165ovny.<\/p>\n<p>11. \u00a721, odst. 9: informace podle \u00a721, odst. 5 a\u017e 8 poskytuje poji\u0161\u0165ovac\u00ed zprost\u0159edkovatel na nosi\u010di dat, kter\u00fd je p\u0159\u00edstupn\u00fd klientovi a to na sv\u00fdch webov\u00fdch str\u00e1nk\u00e1ch na adrese: <a href=\"http:\/\/www.evajarosova.cz\/index.php\/povinne-informace\/\" target=\"_blank\" rel=\"noopener\">Povinn\u00e9 informace dle z\u00e1k. 38\/2004 Sb.<\/a>, resp. formou p\u00edsemn\u00e9 zpr\u00e1vy.<\/p>\n","protected":false},"excerpt":{"rendered":"<p>Pln\u011bn\u00ed povinnost\u00ed podle platn\u00fdch pr\u00e1vn\u00edch p\u0159edpis\u016f 1. \u00a721, odst. 5, p\u00edsm. a): 1.1. obchodn\u00ed firma:\u00a0Eva Jaro\u0161ov\u00e1 1.2. s\u00eddlo: Chv\u00e1lenick\u00e1 196\/31, 326 00, Plze\u0148 1.3. jm\u00e9nem [&#8230;]<\/p>\n","protected":false},"author":1,"featured_media":0,"parent":0,"menu_order":8,"comment_status":"closed","ping_status":"closed","template":"","meta":{"footnotes":""},"_links":{"self":[{"href":"https:\/\/www.evajarosova.cz\/index.php\/wp-json\/wp\/v2\/pages\/212"}],"collection":[{"href":"https:\/\/www.evajarosova.cz\/index.php\/wp-json\/wp\/v2\/pages"}],"about":[{"href":"https:\/\/www.evajarosova.cz\/index.php\/wp-json\/wp\/v2\/types\/page"}],"author":[{"embeddable":true,"href":"https:\/\/www.evajarosova.cz\/index.php\/wp-json\/wp\/v2\/users\/1"}],"replies":[{"embeddable":true,"href":"https:\/\/www.evajarosova.cz\/index.php\/wp-json\/wp\/v2\/comments?post=212"}],"version-history":[{"count":8,"href":"https:\/\/www.evajarosova.cz\/index.php\/wp-json\/wp\/v2\/pages\/212\/revisions"}],"predecessor-version":[{"id":9368,"href":"https:\/\/www.evajarosova.cz\/index.php\/wp-json\/wp\/v2\/pages\/212\/revisions\/9368"}],"wp:attachment":[{"href":"https:\/\/www.evajarosova.cz\/index.php\/wp-json\/wp\/v2\/media?parent=212"}],"curies":[{"name":"wp","href":"https:\/\/api.w.org\/{rel}","templated":true}]}}