{"id":2,"date":"2015-12-15T16:52:07","date_gmt":"2015-12-15T15:52:07","guid":{"rendered":"http:\/\/www.evajarosova.cz\/?page_id=2"},"modified":"2022-11-29T07:42:28","modified_gmt":"2022-11-29T06:42:28","slug":"kontakt-2","status":"publish","type":"page","link":"https:\/\/www.evajarosova.cz\/index.php\/kontakt-2\/","title":{"rendered":"Kontakt"},"content":{"rendered":"<p><strong>Office:<br \/>\nChv\u00e1lenick\u00e1 196\/31\u00a0 \u00a0 \u00a0 \u00a0 \u00a0 \u00a0 \u00a0 \u00a0 \u00a0 \u00a0 \u00a0 \u00a0 \u00a0 \u00a0 \u00a0 \u00a0 \u00a0 \u00a0 \u00a0 \u00a0 \u00a0 \u00a0 \u00a0 \u00a0 \u00a0 \u00a0 \u00a0 \u00a0 \u00a0 \u00a0 \u00a0 \u00a0 \u00a0 \u00a0 \u00a0 \u00a0 \u00a0 <b><a href=\"https:\/\/www.google.cz\/maps\/place\/\u010c\u00e1stkova+1977%2F73,+326+00+Plze\u0148-Plze\u0148+2-Slovany\/@49.7345123,13.400288,17z\/data=!3m1!4b1!4m2!3m1!1s0x470aee283270cc1d:0x9fb7312155e59a08\" target=\"_blank\" rel=\"noopener noreferrer\">Detail mapy<\/a><\/b> \u00a0 \u00a0 \u00a0 \u00a0 \u00a0 \u00a0 \u00a0 \u00a0\u00a0\u00a0<\/strong><br \/>\n<strong>326 00 Plze\u0148<\/strong><\/p>\n<p>tel.: +420 737 391 740<\/p>\n<p>e-mail: <a href=\"mailto:finance@evajarosova.cz\">finance@evajarosova.cz<\/a><\/p>\n<p><a href=\"https:\/\/www.linkedin.com\/profile\/view?id=AAkAAAgOydUBB7plpYGze0Ob3FIXYCSoJn_4uMQ&amp;authType=NAME_SEARCH&amp;authToken=nxcZ&amp;locale=cs_CZ&amp;trk=tyah&amp;trkInfo=clickedVertical%3Amynetwork%2CclickedEntityId%3A135186901%2CauthType%3ANAME_SEARCH%2Cidx%3A1-5-5%2CtarId%3A1452364188785%2Ctas%3Aeva\" target=\"_blank\" rel=\"attachment wp-att-265 noopener noreferrer\"><img loading=\"lazy\" decoding=\"async\" class=\"alignnone wp-image-268 \" src=\"http:\/\/www.evajarosova.cz\/wp-content\/uploads\/2015\/12\/link-300x164.png\" alt=\"\" width=\"72\" height=\"39\" \/><\/a><\/p>\n<p>I\u010c: 75052768<\/p>\n<p>Registrace u \u010cNB\u00a0 I\u010c: 75052768<\/p>\n","protected":false},"excerpt":{"rendered":"<p>Office: Chv\u00e1lenick\u00e1 196\/31\u00a0 \u00a0 \u00a0 \u00a0 \u00a0 \u00a0 \u00a0 \u00a0 \u00a0 \u00a0 \u00a0 \u00a0 \u00a0 \u00a0 \u00a0 \u00a0 \u00a0 \u00a0 \u00a0 \u00a0 \u00a0 \u00a0 \u00a0 [&#8230;]<\/p>\n","protected":false},"author":1,"featured_media":0,"parent":0,"menu_order":7,"comment_status":"closed","ping_status":"open","template":"","meta":{"footnotes":""},"_links":{"self":[{"href":"https:\/\/www.evajarosova.cz\/index.php\/wp-json\/wp\/v2\/pages\/2"}],"collection":[{"href":"https:\/\/www.evajarosova.cz\/index.php\/wp-json\/wp\/v2\/pages"}],"about":[{"href":"https:\/\/www.evajarosova.cz\/index.php\/wp-json\/wp\/v2\/types\/page"}],"author":[{"embeddable":true,"href":"https:\/\/www.evajarosova.cz\/index.php\/wp-json\/wp\/v2\/users\/1"}],"replies":[{"embeddable":true,"href":"https:\/\/www.evajarosova.cz\/index.php\/wp-json\/wp\/v2\/comments?post=2"}],"version-history":[{"count":59,"href":"https:\/\/www.evajarosova.cz\/index.php\/wp-json\/wp\/v2\/pages\/2\/revisions"}],"predecessor-version":[{"id":9369,"href":"https:\/\/www.evajarosova.cz\/index.php\/wp-json\/wp\/v2\/pages\/2\/revisions\/9369"}],"wp:attachment":[{"href":"https:\/\/www.evajarosova.cz\/index.php\/wp-json\/wp\/v2\/media?parent=2"}],"curies":[{"name":"wp","href":"https:\/\/api.w.org\/{rel}","templated":true}]}}