{"id":183,"date":"2016-01-09T17:56:07","date_gmt":"2016-01-09T16:56:07","guid":{"rendered":"http:\/\/www.evajarosova.cz\/?page_id=183"},"modified":"2019-01-08T20:42:39","modified_gmt":"2019-01-08T19:42:39","slug":"produkty","status":"publish","type":"page","link":"https:\/\/www.evajarosova.cz\/index.php\/produkty\/","title":{"rendered":"PRODUKTY"},"content":{"rendered":"<p><span style=\"text-decoration: underline;\"><strong><span style=\"color: #ff0000; text-decoration: underline;\">Produkty poji\u0161t\u011bn\u00ed:<\/span><\/strong><\/span><strong>\u00a0 \u00a0 \u00a0 \u00a0 \u00a0 \u00a0 \u00a0 \u00a0 \u00a0 \u00a0 \u00a0 \u00a0 \u00a0 \u00a0 \u00a0 \u00a0 \u00a0 \u00a0 \u00a0 \u00a0 \u00a0 \u00a0 \u00a0 \u00a0<span style=\"text-decoration: underline;\"><span style=\"color: #ff0000; text-decoration: underline;\">Finan\u010dn\u00ed produkty:<\/span><\/span><\/strong><\/p>\n<p>Povinn\u00e9 ru\u010den\u00ed \u00a0 \u00a0 \u00a0 \u00a0 \u00a0 \u00a0 \u00a0 \u00a0 \u00a0 \u00a0 \u00a0 \u00a0 \u00a0 \u00a0 \u00a0 \u00a0 \u00a0 \u00a0 \u00a0 \u00a0 \u00a0 \u00a0 \u00a0 \u00a0 \u00a0 \u00a0 \u00a0 Hypote\u010dn\u00ed \u00fav\u011bry<\/p>\n<p>Havarijn\u00ed poji\u0161t\u011bn\u00ed \u00a0 \u00a0 \u00a0 \u00a0 \u00a0 \u00a0 \u00a0 \u00a0 \u00a0 \u00a0 \u00a0 \u00a0 \u00a0 \u00a0 \u00a0 \u00a0 \u00a0 \u00a0 \u00a0 \u00a0 \u00a0 \u00a0 \u00a0 \u00a0 \u00a0Spot\u0159ebitelsk\u00e9 \u00fav\u011bry<\/p>\n<p>Flotilov\u00e9 poji\u0161t\u011bn\u00ed \u00a0 \u00a0 \u00a0 \u00a0 \u00a0 \u00a0 \u00a0 \u00a0 \u00a0 \u00a0 \u00a0 \u00a0 \u00a0 \u00a0 \u00a0 \u00a0 \u00a0 \u00a0 \u00a0 \u00a0 \u00a0 \u00a0 \u00a0 \u00a0 \u00a0 Podnikatelsk\u00e9 \u00fav\u011bry<\/p>\n<p>Majetkov\u00e9\u00a0ob\u010dansk\u00e9 poji\u0161t\u011bn\u00ed \u00a0 \u00a0 \u00a0 \u00a0 \u00a0 \u00a0 \u00a0 \u00a0 \u00a0 \u00a0 \u00a0 \u00a0 \u00a0 \u00a0 \u00a0 \u00a0 \u00a0Refinancov\u00e1n\u00ed\u00a0k v\u00fdro\u010d\u00ed\u00a0fixace<\/p>\n<p>Odpov\u011bdnostn\u00ed poji\u0161t\u011bn\u00ed\u00a0ob\u010dana\u00a0\u00a0\u00a0\u00a0\u00a0\u00a0\u00a0\u00a0\u00a0\u00a0\u00a0\u00a0\u00a0\u00a0\u00a0\u00a0\u00a0\u00a0\u00a0\u00a0\u00a0\u00a0\u00a0\u00a0\u00a0\u00a0\u00a0\u00a0\u00a0\u00a0<span style=\"color: #ff0000;\"><strong>Stavebn\u00ed spo\u0159en\u00ed<\/strong><\/span><\/p>\n<p>Firemn\u00ed poji\u0161t\u011bn\u00ed odpov\u011bdnosti a majetku\u00a0\u00a0\u00a0\u00a0\u00a0\u00a0\u00a0\u00a0\u00a0\u00a0\u00a0\u00a0\u00a0\u00a0\u00a0\u00a0<strong><span style=\"color: #ff0000;\">\u00a0Investice<\/span><\/strong><\/p>\n<p>Profesn\u00ed odpov\u011bdnost\u00a0\u00a0\u00a0\u00a0\u00a0\u00a0\u00a0\u00a0\u00a0\u00a0\u00a0\u00a0\u00a0\u00a0\u00a0\u00a0\u00a0\u00a0\u00a0\u00a0\u00a0\u00a0\u00a0\u00a0\u00a0\u00a0\u00a0\u00a0\u00a0\u00a0\u00a0\u00a0\u00a0\u00a0\u00a0\u00a0\u00a0\u00a0\u00a0\u00a0\u00a0\u00a0\u00a0\u00a0\u00a0Jednor\u00e1zov\u00e9, pravideln\u00e9 investice<\/p>\n<p>Podnikatelsk\u00e9 poji\u0161t\u011bn\u00ed\u00a0\u00a0\u00a0\u00a0\u00a0\u00a0\u00a0\u00a0\u00a0\u00a0\u00a0\u00a0\u00a0\u00a0\u00a0\u00a0\u00a0\u00a0\u00a0\u00a0\u00a0\u00a0\u00a0\u00a0\u00a0\u00a0\u00a0\u00a0\u00a0\u00a0\u00a0\u00a0\u00a0\u00a0\u00a0\u00a0\u00a0\u00a0\u00a0\u00a0\u00a0\u00a0\u00a0<span style=\"color: #ff0000;\"><strong>Penzijn\u00ed p\u0159ipoji\u0161t\u011bn\u00ed<\/strong><\/span><\/p>\n<p>\u017divotn\u00ed a \u00farazov\u00e9 poji\u0161t\u011bn\u00ed\u00a0\u00a0\u00a0\u00a0\u00a0\u00a0\u00a0\u00a0\u00a0\u00a0\u00a0\u00a0\u00a0\u00a0\u00a0\u00a0\u00a0\u00a0\u00a0\u00a0\u00a0\u00a0\u00a0\u00a0\u00a0\u00a0\u00a0\u00a0\u00a0\u00a0\u00a0\u00a0\u00a0\u00a0\u00a0\u00a0\u00a0\u00a0Dopl\u0148kov\u00e9 penzijn\u00ed spo\u0159en\u00ed<\/p>\n<p>Cestovn\u00ed\u00a0poji\u0161t\u011bn\u00ed<\/p>\n<p>&nbsp;<\/p>\n<p><span style=\"color: #ff0000;\">\u00a0<\/span><\/p>\n<p>&nbsp;<\/p>\n<p>&nbsp;<\/p>\n","protected":false},"excerpt":{"rendered":"<p>Produkty poji\u0161t\u011bn\u00ed:\u00a0 \u00a0 \u00a0 \u00a0 \u00a0 \u00a0 \u00a0 \u00a0 \u00a0 \u00a0 \u00a0 \u00a0 \u00a0 \u00a0 \u00a0 \u00a0 \u00a0 \u00a0 \u00a0 \u00a0 \u00a0 \u00a0 \u00a0 \u00a0Finan\u010dn\u00ed [&#8230;]<\/p>\n","protected":false},"author":1,"featured_media":0,"parent":0,"menu_order":4,"comment_status":"closed","ping_status":"closed","template":"","meta":{"footnotes":""},"_links":{"self":[{"href":"https:\/\/www.evajarosova.cz\/index.php\/wp-json\/wp\/v2\/pages\/183"}],"collection":[{"href":"https:\/\/www.evajarosova.cz\/index.php\/wp-json\/wp\/v2\/pages"}],"about":[{"href":"https:\/\/www.evajarosova.cz\/index.php\/wp-json\/wp\/v2\/types\/page"}],"author":[{"embeddable":true,"href":"https:\/\/www.evajarosova.cz\/index.php\/wp-json\/wp\/v2\/users\/1"}],"replies":[{"embeddable":true,"href":"https:\/\/www.evajarosova.cz\/index.php\/wp-json\/wp\/v2\/comments?post=183"}],"version-history":[{"count":20,"href":"https:\/\/www.evajarosova.cz\/index.php\/wp-json\/wp\/v2\/pages\/183\/revisions"}],"predecessor-version":[{"id":2736,"href":"https:\/\/www.evajarosova.cz\/index.php\/wp-json\/wp\/v2\/pages\/183\/revisions\/2736"}],"wp:attachment":[{"href":"https:\/\/www.evajarosova.cz\/index.php\/wp-json\/wp\/v2\/media?parent=183"}],"curies":[{"name":"wp","href":"https:\/\/api.w.org\/{rel}","templated":true}]}}