{"id":137,"date":"2016-01-09T15:57:15","date_gmt":"2016-01-09T14:57:15","guid":{"rendered":"http:\/\/www.evajarosova.cz\/?page_id=137"},"modified":"2016-01-10T11:06:05","modified_gmt":"2016-01-10T10:06:05","slug":"odkazy-2","status":"publish","type":"page","link":"https:\/\/www.evajarosova.cz\/index.php\/odkazy-2\/","title":{"rendered":"Odkazy"},"content":{"rendered":"<p><span style=\"text-decoration: underline; color: #ff0000;\">\u010cesk\u00e1 n\u00e1rodn\u00ed banka<\/span><\/p>\n<p><a href=\"http:\/\/www.cnb.cz\/cs\/dohled_financni_trh\/vykon_dohledu\/postaveni_dohledu\/pojistovny_zajistovny\/index.html\" target=\"_blank\">\u010cesk\u00e1 n\u00e1rodn\u00ed banka &#8211; Regulace a dohled nad poji\u0161\u0165ovnami a zaji\u0161\u0165ovnami<\/a><\/p>\n<p><a href=\"http:\/\/www.cnb.cz\/cs\/dohled_financni_trh\/seznamy\/\" target=\"_blank\">Seznamy a evidence<\/a><\/p>\n<p><a href=\"https:\/\/apl.cnb.cz\/apljerrsdad\/JERRS.WEB09.DIRECT_FIND?p_lang=cz\" target=\"_blank\">Registr poji\u0161\u0165ovac\u00edch zprost\u0159edkovatel\u016f<\/a><\/p>\n<p><span style=\"text-decoration: underline; color: #ff0000;\">Str\u00e1nky o poji\u0161t\u011bn\u00ed a finac\u00edch<\/span><\/p>\n<p><a href=\"https:\/\/ic.ckp.cz\/ICwww\/servlet?_page=searchSPZ&amp;lngID=1\" target=\"_blank\">\u010cKP &#8211; vyhled\u00e1n\u00ed povinn\u00e9ho ru\u010den\u00ed dle SPZ<\/a><\/p>\n<p><a href=\"http:\/\/www.opojisteni.cz\" target=\"_blank\">O poji\u0161t\u011bn\u00ed.cz<\/a><\/p>\n<p><a href=\"http:\/\/www.bezpojisteni.cz\" target=\"_blank\">Bez poji\u0161t\u011bn\u00ed.cz<\/a><\/p>\n<p><a href=\"http:\/\/www.penize.cz\" target=\"_blank\">Pen\u00edze.cz<\/a><\/p>\n<p><a href=\"http:\/\/www.mesec.cz\" target=\"_blank\">M\u011b\u0161ec.cz<\/a><\/p>\n<p><span style=\"text-decoration: underline; color: #ff0000;\">Katastr\u00e1ln\u00ed \u00fa\u0159ad<\/span><\/p>\n<p><a href=\"http:\/\/nahlizenidokn.cuzk.cz\">Nahl\u00ed\u017een\u00ed do katastru nemovitost\u00ed<\/a><\/p>\n","protected":false},"excerpt":{"rendered":"<p>\u010cesk\u00e1 n\u00e1rodn\u00ed banka \u010cesk\u00e1 n\u00e1rodn\u00ed banka &#8211; Regulace a dohled nad poji\u0161\u0165ovnami a zaji\u0161\u0165ovnami Seznamy a evidence Registr poji\u0161\u0165ovac\u00edch zprost\u0159edkovatel\u016f Str\u00e1nky o poji\u0161t\u011bn\u00ed a finac\u00edch [&#8230;]<\/p>\n","protected":false},"author":1,"featured_media":0,"parent":0,"menu_order":9,"comment_status":"closed","ping_status":"closed","template":"","meta":{"footnotes":""},"_links":{"self":[{"href":"https:\/\/www.evajarosova.cz\/index.php\/wp-json\/wp\/v2\/pages\/137"}],"collection":[{"href":"https:\/\/www.evajarosova.cz\/index.php\/wp-json\/wp\/v2\/pages"}],"about":[{"href":"https:\/\/www.evajarosova.cz\/index.php\/wp-json\/wp\/v2\/types\/page"}],"author":[{"embeddable":true,"href":"https:\/\/www.evajarosova.cz\/index.php\/wp-json\/wp\/v2\/users\/1"}],"replies":[{"embeddable":true,"href":"https:\/\/www.evajarosova.cz\/index.php\/wp-json\/wp\/v2\/comments?post=137"}],"version-history":[{"count":10,"href":"https:\/\/www.evajarosova.cz\/index.php\/wp-json\/wp\/v2\/pages\/137\/revisions"}],"predecessor-version":[{"id":209,"href":"https:\/\/www.evajarosova.cz\/index.php\/wp-json\/wp\/v2\/pages\/137\/revisions\/209"}],"wp:attachment":[{"href":"https:\/\/www.evajarosova.cz\/index.php\/wp-json\/wp\/v2\/media?parent=137"}],"curies":[{"name":"wp","href":"https:\/\/api.w.org\/{rel}","templated":true}]}}